{"id":268,"date":"2021-11-09T19:59:42","date_gmt":"2021-11-09T19:59:42","guid":{"rendered":"http:\/\/www.smartcontrol.servyeco.com\/?page_id=268"},"modified":"2021-11-11T13:57:19","modified_gmt":"2021-11-11T13:57:19","slug":"ventajas","status":"publish","type":"page","link":"https:\/\/www.smartcontrol.servyeco.com\/index.php\/ventajas\/","title":{"rendered":"Ventajas"},"content":{"rendered":"\n<figure class=\"wp-block-image size-full\"><img loading=\"lazy\" decoding=\"async\" width=\"1000\" height=\"250\" src=\"http:\/\/www.smartcontrol.servyeco.com\/wp-content\/uploads\/2021\/11\/CabVen-2.png\" alt=\"\" class=\"wp-image-329\" srcset=\"https:\/\/www.smartcontrol.servyeco.com\/wp-content\/uploads\/2021\/11\/CabVen-2.png 1000w, https:\/\/www.smartcontrol.servyeco.com\/wp-content\/uploads\/2021\/11\/CabVen-2-300x75.png 300w, https:\/\/www.smartcontrol.servyeco.com\/wp-content\/uploads\/2021\/11\/CabVen-2-768x192.png 768w, https:\/\/www.smartcontrol.servyeco.com\/wp-content\/uploads\/2021\/11\/CabVen-2-228x57.png 228w\" sizes=\"auto, (max-width: 1000px) 100vw, 1000px\" \/><\/figure>\n\n\n\n<p>La implantaci\u00f3n de este nuevo sistema de gesti\u00f3n implica innumerables ventajas, como la inmediatez, la reducci\u00f3n de costes, la optimizaci\u00f3n de recursos y materias primas, comodidad, versatilidad, &#8230;&#8230;.<\/p>\n\n\n\n<ul class=\"wp-block-list\"><li><strong>Versatilidad<\/strong>, ya que el dise\u00f1o del sistema nos permitir\u00e1 la posibilidad tanto de <strong>acceso presencial<\/strong> como de<strong> acceso remoto<\/strong>. Adem\u00e1s, la plataforma puede configurarse en modo multiusuario, lo que facilita la divisi\u00f3n de tareas entre varios operarios.<\/li><li><strong>Comodidad e inmediatez<\/strong>. La posibilidad de conexi\u00f3n remota en tres frentes ( pantalla, c\u00e1mara y datos estad\u00edsticos ) nos proporciona acceso a todas las fuentes de informaci\u00f3n <strong>de forma inmediata<\/strong> y <strong>sin necesidad de desplazamientos<\/strong>.<\/li><li><strong>Reducci\u00f3n de costes.<\/strong> Favorecida en diferentes aspectos, como <strong>reducir tiempo y desplazamientos<\/strong>, <strong>optimizar el consumo de materias primas, realizar un mantenimiento preventivo de las instalaciones<\/strong>, &#8230;..<\/li><li><strong>Dise\u00f1o de plan de manteniendo.<\/strong> El registro de la informaci\u00f3n proporcionada por los elementos de control de planta, facilita la creaci\u00f3n de<strong> una planificaci\u00f3n de mantenimiento acorde a las necesidades de cada planta <\/strong>de forma individualizada, reportando un valor a\u00f1adido al control del proceso.<\/li><\/ul>\n","protected":false},"excerpt":{"rendered":"<p>La implantaci\u00f3n de este nuevo sistema de gesti\u00f3n implica innumerables ventajas, como la inmediatez, la reducci\u00f3n de costes, la optimizaci\u00f3n de recursos y materias primas, comodidad, versatilidad, &#8230;&#8230;. Versatilidad, ya que el dise\u00f1o del sistema nos permitir\u00e1 la posibilidad tanto de acceso presencial como de acceso remoto. Adem\u00e1s, la plataforma puede configurarse en modo multiusuario,<\/p>\n<div><a class=\"btn-filled btn\" href=\"https:\/\/www.smartcontrol.servyeco.com\/index.php\/ventajas\/\" title=\"Ventajas\">Leer m\u00e1s<\/a><\/div>\n","protected":false},"author":1,"featured_media":0,"parent":0,"menu_order":0,"comment_status":"closed","ping_status":"closed","template":"page-templates\/no-sidebar.php","meta":{"footnotes":""},"class_list":["post-268","page","type-page","status-publish","hentry"],"_links":{"self":[{"href":"https:\/\/www.smartcontrol.servyeco.com\/index.php\/wp-json\/wp\/v2\/pages\/268","targetHints":{"allow":["GET"]}}],"collection":[{"href":"https:\/\/www.smartcontrol.servyeco.com\/index.php\/wp-json\/wp\/v2\/pages"}],"about":[{"href":"https:\/\/www.smartcontrol.servyeco.com\/index.php\/wp-json\/wp\/v2\/types\/page"}],"author":[{"embeddable":true,"href":"https:\/\/www.smartcontrol.servyeco.com\/index.php\/wp-json\/wp\/v2\/users\/1"}],"replies":[{"embeddable":true,"href":"https:\/\/www.smartcontrol.servyeco.com\/index.php\/wp-json\/wp\/v2\/comments?post=268"}],"version-history":[{"count":8,"href":"https:\/\/www.smartcontrol.servyeco.com\/index.php\/wp-json\/wp\/v2\/pages\/268\/revisions"}],"predecessor-version":[{"id":347,"href":"https:\/\/www.smartcontrol.servyeco.com\/index.php\/wp-json\/wp\/v2\/pages\/268\/revisions\/347"}],"wp:attachment":[{"href":"https:\/\/www.smartcontrol.servyeco.com\/index.php\/wp-json\/wp\/v2\/media?parent=268"}],"curies":[{"name":"wp","href":"https:\/\/api.w.org\/{rel}","templated":true}]}}