{"id":56,"date":"2021-10-27T11:32:05","date_gmt":"2021-10-27T11:32:05","guid":{"rendered":"http:\/\/www.smartcontrol.servyeco.com\/?page_id=56"},"modified":"2021-11-11T14:04:49","modified_gmt":"2021-11-11T14:04:49","slug":"que-es","status":"publish","type":"page","link":"https:\/\/www.smartcontrol.servyeco.com\/index.php\/que-es\/","title":{"rendered":"\u00bf Qu\u00e9 es ?"},"content":{"rendered":"\n<figure class=\"wp-block-image size-full\"><img loading=\"lazy\" decoding=\"async\" width=\"1000\" height=\"250\" src=\"http:\/\/www.smartcontrol.servyeco.com\/wp-content\/uploads\/2021\/11\/CabQEs.png\" alt=\"\" class=\"wp-image-328\" srcset=\"https:\/\/www.smartcontrol.servyeco.com\/wp-content\/uploads\/2021\/11\/CabQEs.png 1000w, https:\/\/www.smartcontrol.servyeco.com\/wp-content\/uploads\/2021\/11\/CabQEs-300x75.png 300w, https:\/\/www.smartcontrol.servyeco.com\/wp-content\/uploads\/2021\/11\/CabQEs-768x192.png 768w, https:\/\/www.smartcontrol.servyeco.com\/wp-content\/uploads\/2021\/11\/CabQEs-228x57.png 228w\" sizes=\"auto, (max-width: 1000px) 100vw, 1000px\" \/><\/figure>\n\n\n\n<p><strong>SCS<\/strong> representa la adaptaci\u00f3n a la nueva era de aplicaci\u00f3n de IOT.<\/p>\n\n\n\n<p>Se trata de un&nbsp;<strong>sistema desatendido de control y gesti\u00f3n de depuradoras de agua<\/strong>&nbsp;con posibilidad de&nbsp;<strong>implantaci\u00f3n remota y retroalimentada<\/strong>, permitiendo un&nbsp;<strong>mantenimiento predictivo<\/strong>&nbsp;que repercutir\u00e1 en una utilizaci\u00f3n \u00f3ptima de los recursos tanto materiales como de personal<\/p>\n\n\n\n<p>El sistema <strong>Smart Control System<\/strong> ( SCS) es una combinaci\u00f3n de Hardware y Software desarrollado por SERVYECO para facilitar y automatizar la <strong>gesti\u00f3n<\/strong> <strong>y<\/strong> <strong>control remotos de plantas de tratamiento de aguas<\/strong>.<\/p>\n\n\n\n<p>El sistema est\u00e1 estructurado en tres cap\u00edtulos.<\/p>\n\n\n\n<ul class=\"wp-block-list\"><li><strong>Hardware<\/strong>&#8211; PLC, HMI y elementos de control de proceso como caudal, niveles, consumos y par\u00e1metros de an\u00e1lisis del agua Instalados en la planta de tratamiento a controlar<\/li><li><strong>Sistema de visualizaci\u00f3n<\/strong>&#8211; Instalaci\u00f3n de una c\u00e1mara a 360 grados de alta resoluci\u00f3n para el control visual de la calidad del agua.<\/li><li><strong>Sistema para el registro y monitorizaci\u00f3n de los elementos de control<\/strong> del proceso de la planta de tratamiento. Este sistema nos permite la creaci\u00f3n de informes, graficas a tiempo real as\u00ed como la creaci\u00f3n de mantenimientos predictivos de la planta de tratamiento.<\/li><\/ul>\n\n\n\n<div class=\"wp-block-columns are-vertically-aligned-center is-layout-flex wp-container-core-columns-is-layout-9d6595d7 wp-block-columns-is-layout-flex\">\n<div class=\"wp-block-column is-vertically-aligned-center is-layout-flow wp-block-column-is-layout-flow\"><\/div>\n\n\n\n<div class=\"wp-block-column is-vertically-aligned-center is-layout-flow wp-block-column-is-layout-flow\"><\/div>\n\n\n\n<div class=\"wp-block-column is-vertically-aligned-center is-layout-flow wp-block-column-is-layout-flow\"><\/div>\n<\/div>\n\n\n\n<p><\/p>\n","protected":false},"excerpt":{"rendered":"<p>SCS representa la adaptaci\u00f3n a la nueva era de aplicaci\u00f3n de IOT. Se trata de un&nbsp;sistema desatendido de control y gesti\u00f3n de depuradoras de agua&nbsp;con posibilidad de&nbsp;implantaci\u00f3n remota y retroalimentada, permitiendo un&nbsp;mantenimiento predictivo&nbsp;que repercutir\u00e1 en una utilizaci\u00f3n \u00f3ptima de los recursos tanto materiales como de personal El sistema Smart Control System ( SCS) es una<\/p>\n<div><a class=\"btn-filled btn\" href=\"https:\/\/www.smartcontrol.servyeco.com\/index.php\/que-es\/\" title=\"\u00bf Qu\u00e9 es ?\">Leer m\u00e1s<\/a><\/div>\n","protected":false},"author":1,"featured_media":0,"parent":0,"menu_order":0,"comment_status":"closed","ping_status":"closed","template":"page-templates\/no-sidebar.php","meta":{"footnotes":""},"class_list":["post-56","page","type-page","status-publish","hentry"],"_links":{"self":[{"href":"https:\/\/www.smartcontrol.servyeco.com\/index.php\/wp-json\/wp\/v2\/pages\/56","targetHints":{"allow":["GET"]}}],"collection":[{"href":"https:\/\/www.smartcontrol.servyeco.com\/index.php\/wp-json\/wp\/v2\/pages"}],"about":[{"href":"https:\/\/www.smartcontrol.servyeco.com\/index.php\/wp-json\/wp\/v2\/types\/page"}],"author":[{"embeddable":true,"href":"https:\/\/www.smartcontrol.servyeco.com\/index.php\/wp-json\/wp\/v2\/users\/1"}],"replies":[{"embeddable":true,"href":"https:\/\/www.smartcontrol.servyeco.com\/index.php\/wp-json\/wp\/v2\/comments?post=56"}],"version-history":[{"count":24,"href":"https:\/\/www.smartcontrol.servyeco.com\/index.php\/wp-json\/wp\/v2\/pages\/56\/revisions"}],"predecessor-version":[{"id":349,"href":"https:\/\/www.smartcontrol.servyeco.com\/index.php\/wp-json\/wp\/v2\/pages\/56\/revisions\/349"}],"wp:attachment":[{"href":"https:\/\/www.smartcontrol.servyeco.com\/index.php\/wp-json\/wp\/v2\/media?parent=56"}],"curies":[{"name":"wp","href":"https:\/\/api.w.org\/{rel}","templated":true}]}}