{"id":66,"date":"2021-10-27T11:44:13","date_gmt":"2021-10-27T11:44:13","guid":{"rendered":"http:\/\/www.smartcontrol.servyeco.com\/?page_id=66"},"modified":"2021-11-11T14:23:36","modified_gmt":"2021-11-11T14:23:36","slug":"como-funciona","status":"publish","type":"page","link":"https:\/\/www.smartcontrol.servyeco.com\/index.php\/como-funciona\/","title":{"rendered":"\u00bf C\u00f3mo Funciona ?"},"content":{"rendered":"\n<div class=\"wp-block-image\"><figure class=\"aligncenter size-full\"><img loading=\"lazy\" decoding=\"async\" width=\"1000\" height=\"250\" src=\"http:\/\/www.smartcontrol.servyeco.com\/wp-content\/uploads\/2021\/11\/CabComoF.png\" alt=\"\" class=\"wp-image-327\" srcset=\"https:\/\/www.smartcontrol.servyeco.com\/wp-content\/uploads\/2021\/11\/CabComoF.png 1000w, https:\/\/www.smartcontrol.servyeco.com\/wp-content\/uploads\/2021\/11\/CabComoF-300x75.png 300w, https:\/\/www.smartcontrol.servyeco.com\/wp-content\/uploads\/2021\/11\/CabComoF-768x192.png 768w, https:\/\/www.smartcontrol.servyeco.com\/wp-content\/uploads\/2021\/11\/CabComoF-228x57.png 228w\" sizes=\"auto, (max-width: 1000px) 100vw, 1000px\" \/><\/figure><\/div>\n\n\n\n<p>La combinaci\u00f3n de las instalaciones tradicionales combinada con la aplicaci\u00f3n de las nuevas tecnolog\u00edas ( Internet, IoT, Big Data \u2026. )\u00a0 ha permitido crear este nuevo producto que supone <strong>una evoluci\u00f3n en la supervisi\u00f3n y optimizaci\u00f3n de la gesti\u00f3n de las plantas de tratamiento de aguas<\/strong>.<\/p>\n\n\n\n<p>El objetivo del sistema <strong>SCS<\/strong> es tener un <strong>control constante<\/strong> de las plantas de tratamiento. En caso de producirse, los <strong>avisos de incidencias<\/strong> o <strong>alarmas<\/strong> en el funcionamiento del proceso se notifican de forma inmediata. En un funcionamiento normal, los datos registrados son reportados para que sean analizados a posterior.<\/p>\n\n\n\n<ul class=\"wp-block-list\"><li>El sistema SCS permite controlar y operar remotamente las plantas de tratamiento de forma continuada, <strong>24 horas al d\u00eda de control y registro de informaci\u00f3n<\/strong>.<\/li><li>Tendremos <strong>notificaciones en el momento de las alarmas e incidencias<\/strong> ocurridas en el proceso de funcionamiento de la planta de tratamiento.<\/li><li>Para la conexi\u00f3n y gesti\u00f3n remota, el sistema dispondr\u00e1 de diferentes tipos comunicaci\u00f3n dependiendo de la disponibilidad que tenga cada cliente, pero siempre garantizando <strong>conexiones seguras a trav\u00e9s de Redes Privadas<\/strong>.<\/li><li>El sistema SCS reportar\u00e1 <strong>informes al cliente con diferente periodicidad<\/strong> para su an\u00e1lisis y seguimiento del funcionamiento del proceso.<\/li><\/ul>\n\n\n\n<h3 class=\"wp-block-heading\">\u00bf Qu\u00e9 es IOT ?<\/h3>\n\n\n\n<p><strong>IoT<\/strong>: significa- Internet Of Things o internet de las cosas.<\/p>\n\n\n\n<p>Se trata de un sistema de dispositivos, m\u00e1quinas, objetos \u00fanicos que tienen la capacidad de transferir datos v\u00eda internet (a trav\u00e9s de una red), sin requerir de interacciones humano a humano.<\/p>\n\n\n\n<p>Esta infraestructura de red inteligente mejora las operaciones, aumenta la seguridad, protecci\u00f3n y productividad. Adem\u00e1s, permite obtener una perspectiva valiosa de datos para optimizar la automatizaci\u00f3n y descubrir nuevas l\u00edneas de negocio.<\/p>\n\n\n\n<p>El valor de IoT se maximiza cuando se logra aplicar a lo largo de toda la cadena de valor (an\u00e1lisis, procesos, dise\u00f1o, servicio, operaci\u00f3n, comercial) .<\/p>\n\n\n\n<h3 class=\"wp-block-heading\">Datos accesibles en la nube<\/h3>\n\n\n\n<p>Nuestro servicio de datos en la nube permite crear las condiciones \u00f3ptimas para un funcionamiento perfecto y fiable de la m\u00e1quina al ofrecer funcionalidades para:<\/p>\n\n\n\n<p>\u2022&nbsp;<strong>La localizaci\u00f3n y el seguimiento de la m\u00e1quina<\/strong>, la asignaci\u00f3n de documentaci\u00f3n, el historial de la m\u00e1quina y la gesti\u00f3n de las tareas.<\/p>\n\n\n\n<p>\u2022&nbsp;<strong>La supervisi\u00f3n del rendimiento de la m\u00e1quina <\/strong>con paneles individuales, la predicci\u00f3n del mantenimiento y el env\u00edo de notificaciones en caso de que sea necesario.&nbsp;<\/p>\n\n\n\n<p>\u2022&nbsp;<strong>La resoluci\u00f3n de problemas y la reparaci\u00f3n<\/strong> de las m\u00e1quinas con herramientas de software basadas en la nube.<\/p>\n\n\n\n<div class=\"wp-block-columns is-layout-flex wp-container-core-columns-is-layout-9d6595d7 wp-block-columns-is-layout-flex\">\n<div class=\"wp-block-column is-layout-flow wp-block-column-is-layout-flow\">\n<figure class=\"wp-block-image size-full\"><img decoding=\"async\" src=\"http:\/\/www.smartcontrol.servyeco.com\/wp-content\/uploads\/2021\/10\/images-1.jpeg\" alt=\"\" class=\"wp-image-82\"\/><\/figure>\n<\/div>\n\n\n\n<div class=\"wp-block-column is-layout-flow wp-block-column-is-layout-flow\">\n<figure class=\"wp-block-image size-full\"><img loading=\"lazy\" decoding=\"async\" width=\"277\" height=\"182\" src=\"http:\/\/www.smartcontrol.servyeco.com\/wp-content\/uploads\/2021\/10\/descarga.png\" alt=\"\" class=\"wp-image-83\"\/><\/figure>\n<\/div>\n\n\n\n<div class=\"wp-block-column is-layout-flow wp-block-column-is-layout-flow\">\n<figure class=\"wp-block-image size-full\"><img loading=\"lazy\" decoding=\"async\" width=\"276\" height=\"183\" src=\"http:\/\/www.smartcontrol.servyeco.com\/wp-content\/uploads\/2021\/10\/descarga-1.jpeg\" alt=\"\" class=\"wp-image-84\"\/><\/figure>\n<\/div>\n\n\n\n<div class=\"wp-block-column is-layout-flow wp-block-column-is-layout-flow\">\n<div class=\"wp-block-image\"><figure class=\"aligncenter size-full is-resized\"><img loading=\"lazy\" decoding=\"async\" src=\"http:\/\/www.smartcontrol.servyeco.com\/wp-content\/uploads\/2021\/10\/descarga-1.png\" alt=\"\" class=\"wp-image-85\" width=\"142\" height=\"142\"\/><\/figure><\/div>\n<\/div>\n<\/div>\n","protected":false},"excerpt":{"rendered":"<p>La combinaci\u00f3n de las instalaciones tradicionales combinada con la aplicaci\u00f3n de las nuevas tecnolog\u00edas ( Internet, IoT, Big Data \u2026. )\u00a0 ha permitido crear este nuevo producto que supone una evoluci\u00f3n en la supervisi\u00f3n y optimizaci\u00f3n de la gesti\u00f3n de las plantas de tratamiento de aguas. El objetivo del sistema SCS es tener un control<\/p>\n<div><a class=\"btn-filled btn\" href=\"https:\/\/www.smartcontrol.servyeco.com\/index.php\/como-funciona\/\" title=\"\u00bf C\u00f3mo Funciona ?\">Leer m\u00e1s<\/a><\/div>\n","protected":false},"author":1,"featured_media":0,"parent":0,"menu_order":0,"comment_status":"closed","ping_status":"closed","template":"page-templates\/no-sidebar.php","meta":{"footnotes":""},"class_list":["post-66","page","type-page","status-publish","hentry"],"_links":{"self":[{"href":"https:\/\/www.smartcontrol.servyeco.com\/index.php\/wp-json\/wp\/v2\/pages\/66","targetHints":{"allow":["GET"]}}],"collection":[{"href":"https:\/\/www.smartcontrol.servyeco.com\/index.php\/wp-json\/wp\/v2\/pages"}],"about":[{"href":"https:\/\/www.smartcontrol.servyeco.com\/index.php\/wp-json\/wp\/v2\/types\/page"}],"author":[{"embeddable":true,"href":"https:\/\/www.smartcontrol.servyeco.com\/index.php\/wp-json\/wp\/v2\/users\/1"}],"replies":[{"embeddable":true,"href":"https:\/\/www.smartcontrol.servyeco.com\/index.php\/wp-json\/wp\/v2\/comments?post=66"}],"version-history":[{"count":9,"href":"https:\/\/www.smartcontrol.servyeco.com\/index.php\/wp-json\/wp\/v2\/pages\/66\/revisions"}],"predecessor-version":[{"id":351,"href":"https:\/\/www.smartcontrol.servyeco.com\/index.php\/wp-json\/wp\/v2\/pages\/66\/revisions\/351"}],"wp:attachment":[{"href":"https:\/\/www.smartcontrol.servyeco.com\/index.php\/wp-json\/wp\/v2\/media?parent=66"}],"curies":[{"name":"wp","href":"https:\/\/api.w.org\/{rel}","templated":true}]}}